{"id":222,"date":"2015-07-17T22:02:57","date_gmt":"2015-07-17T22:02:57","guid":{"rendered":"http:\/\/www.tiagoneves.net\/blog\/?page_id=222"},"modified":"2015-07-22T14:27:47","modified_gmt":"2015-07-22T14:27:47","slug":"servicos","status":"publish","type":"page","link":"https:\/\/www.tiagoneves.net\/blog\/servicos\/","title":{"rendered":"Servi\u00e7os"},"content":{"rendered":"<p>As informa\u00e7\u00f5es \u00e9 o bem mais valioso de qualquer empresa, e o DBA \u00e9 o respons\u00e1vel por manter esses os dados \u00edntegros, seguros e dispon\u00edvel. Contudo muitas empresas n\u00e3o disp\u00f5e de recursos para manter um DBA Full Time na empresa, diante disso estou oferecendo os meus servi\u00e7os de consultoria remota, com minha experi\u00eancia em Banco de Dados SQL Server, poder monitorar, gerenciar e garantir o seu ambiente SQL Server.<\/p>\n<p><strong>Consultoria Remota:<\/strong><\/p>\n<p><a href=\"https:\/\/i0.wp.com\/www.tiagoneves.net\/blog\/wp-content\/uploads\/2015\/07\/consultoria.jpg\" rel=\"lightbox[222]\"><img data-recalc-dims=\"1\" loading=\"lazy\" decoding=\"async\" class=\" size-full wp-image-226 alignleft\" src=\"https:\/\/i0.wp.com\/www.tiagoneves.net\/blog\/wp-content\/uploads\/2015\/07\/consultoria.jpg?resize=327%2C154\" alt=\"consultoria\" width=\"327\" height=\"154\" srcset=\"https:\/\/i0.wp.com\/www.tiagoneves.net\/blog\/wp-content\/uploads\/2015\/07\/consultoria.jpg?w=327&amp;ssl=1 327w, https:\/\/i0.wp.com\/www.tiagoneves.net\/blog\/wp-content\/uploads\/2015\/07\/consultoria.jpg?resize=300%2C141&amp;ssl=1 300w\" sizes=\"auto, (max-width: 327px) 100vw, 327px\" \/><\/a>O trabalho de consultoria visa opera\u00e7\u00f5es pontuais contratadas mediante a negocia\u00e7\u00e3o pr\u00e9via, em alguns casos por valor hora e outras por projeto.<\/p>\n<p>A an\u00e1lise inicial consiste em um procedimento onde diversos itens s\u00e3o verificados, incluindo o sistema operacional, hardware e conectividade, com a finalidade de certificar que as melhores pr\u00e1ticas est\u00e3o sendo aplicadas corretamente, reduzindo riscos e upgrades desnecess\u00e1rios. De posse de um relat\u00f3rio repleto de recomenda\u00e7\u00f5es, o corpo gestor \u00e9 capaz de tomar decis\u00f5es baseadas em fatos, al\u00e9m aproveitar melhor os recursos dispon\u00edveis.<\/p>\n<p>Escopo da consultoria:<\/p>\n<p><strong>Instala\u00e7\u00e3o e Configura\u00e7\u00e3o:<\/strong><\/p>\n<p style=\"text-align: left;\">\u00a0<a href=\"https:\/\/i0.wp.com\/www.tiagoneves.net\/blog\/wp-content\/uploads\/2015\/07\/install.png\" rel=\"lightbox[222]\"><img data-recalc-dims=\"1\" loading=\"lazy\" decoding=\"async\" class=\"  wp-image-236 alignleft\" src=\"https:\/\/i0.wp.com\/www.tiagoneves.net\/blog\/wp-content\/uploads\/2015\/07\/install.png?resize=122%2C122\" alt=\"install\" width=\"122\" height=\"122\" srcset=\"https:\/\/i0.wp.com\/www.tiagoneves.net\/blog\/wp-content\/uploads\/2015\/07\/install.png?w=256&amp;ssl=1 256w, https:\/\/i0.wp.com\/www.tiagoneves.net\/blog\/wp-content\/uploads\/2015\/07\/install.png?resize=150%2C150&amp;ssl=1 150w\" sizes=\"auto, (max-width: 122px) 100vw, 122px\" \/><\/a>&#8211; Efetuamos toda instala\u00e7\u00e3o do banco de dados, sempre seguindo as melhores pr\u00e1ticas recomendadas pela Microsoft. Al\u00e9m disso, trabalhamos sempre visando parametrizar seus bancos de dados de acordo com suas necessidades e finalidades.<\/p>\n<p>&nbsp;<\/p>\n<p><strong>Alta disponibilidade:<\/strong><\/p>\n<p><a href=\"https:\/\/i0.wp.com\/www.tiagoneves.net\/blog\/wp-content\/uploads\/2015\/07\/High-Availability.png\" rel=\"lightbox[222]\"><img data-recalc-dims=\"1\" loading=\"lazy\" decoding=\"async\" class=\"  wp-image-228 alignleft\" src=\"https:\/\/i0.wp.com\/www.tiagoneves.net\/blog\/wp-content\/uploads\/2015\/07\/High-Availability.png?resize=208%2C64\" alt=\"High-Availability\" width=\"208\" height=\"64\" srcset=\"https:\/\/i0.wp.com\/www.tiagoneves.net\/blog\/wp-content\/uploads\/2015\/07\/High-Availability.png?w=960&amp;ssl=1 960w, https:\/\/i0.wp.com\/www.tiagoneves.net\/blog\/wp-content\/uploads\/2015\/07\/High-Availability.png?resize=300%2C92&amp;ssl=1 300w\" sizes=\"auto, (max-width: 208px) 100vw, 208px\" \/><\/a> &#8211; Projetos voltados para alta disponibilidade do seu ambiente SQL Server utilizando de ferramentas nativas na vers\u00e3o do SQL Server.<\/p>\n<p>&nbsp;<\/p>\n<p><strong>An\u00e1lise de desempenho:<\/strong><\/p>\n<p><a href=\"https:\/\/i0.wp.com\/www.tiagoneves.net\/blog\/wp-content\/uploads\/2015\/07\/desempenho2.jpg\" rel=\"lightbox[222]\"><img data-recalc-dims=\"1\" loading=\"lazy\" decoding=\"async\" class=\"  wp-image-230 alignleft\" src=\"https:\/\/i0.wp.com\/www.tiagoneves.net\/blog\/wp-content\/uploads\/2015\/07\/desempenho2.jpg?resize=133%2C140\" alt=\"desempenho2\" width=\"133\" height=\"140\" \/><\/a> &#8211; Diagn\u00f3sticos precisos sobre seu ambiente, relat\u00f3rios completos com os principais pontos cr\u00edticos de seu ambiente. Verificamos quest\u00f5es como indexa\u00e7\u00e3o apropriada, particionamento de dados e \u00edndices, recursos mais utilizados, queries mais demoradas, maiores tabelas, TempDB, fragmenta\u00e7\u00e3o, estat\u00edsticas, locks, utiliza\u00e7\u00e3o do cache, processamento, disco, mem\u00f3ria, possibilitando a avalia\u00e7\u00e3o de quanto do investimento j\u00e1 foi consumido e consequentemente planejar o crescimento\u00a0do seu ambiente.<\/p>\n<p><strong>Migra\u00e7\u00e3o de vers\u00e3o:<\/strong><\/p>\n<p><a href=\"https:\/\/i0.wp.com\/www.tiagoneves.net\/blog\/wp-content\/uploads\/2015\/07\/managedsoftwareupdate.png\" rel=\"lightbox[222]\"><img data-recalc-dims=\"1\" loading=\"lazy\" decoding=\"async\" class=\"  wp-image-234 alignleft\" src=\"https:\/\/i0.wp.com\/www.tiagoneves.net\/blog\/wp-content\/uploads\/2015\/07\/managedsoftwareupdate.png?resize=123%2C123\" alt=\"managedsoftwareupdate\" width=\"123\" height=\"123\" srcset=\"https:\/\/i0.wp.com\/www.tiagoneves.net\/blog\/wp-content\/uploads\/2015\/07\/managedsoftwareupdate.png?w=512&amp;ssl=1 512w, https:\/\/i0.wp.com\/www.tiagoneves.net\/blog\/wp-content\/uploads\/2015\/07\/managedsoftwareupdate.png?resize=150%2C150&amp;ssl=1 150w, https:\/\/i0.wp.com\/www.tiagoneves.net\/blog\/wp-content\/uploads\/2015\/07\/managedsoftwareupdate.png?resize=300%2C300&amp;ssl=1 300w\" sizes=\"auto, (max-width: 123px) 100vw, 123px\" \/>&#8211;<\/a> A Microsoft costuma atualizar constantemente as vers\u00f5es de seu banco de dados, desta forma torna-se important\u00edssimo mantermos o SQL Server atualizado. Essas atualiza\u00e7\u00f5es de vers\u00e3o demandam planejamento e preparo para minimizar o impacto das mesmas. Efetuamos toda migra\u00e7\u00e3o seguindo um cronograma previamente planejado e executando da maneira menos impactante poss\u00edvel essas opera\u00e7\u00f5es.<\/p>\n<p><strong>Checklist:<\/strong><\/p>\n<p><a href=\"https:\/\/i0.wp.com\/www.tiagoneves.net\/blog\/wp-content\/uploads\/2015\/07\/checklist.jpg\" rel=\"lightbox[222]\"><img data-recalc-dims=\"1\" loading=\"lazy\" decoding=\"async\" class=\"  wp-image-231 alignleft\" src=\"https:\/\/i0.wp.com\/www.tiagoneves.net\/blog\/wp-content\/uploads\/2015\/07\/checklist.jpg?resize=139%2C139\" alt=\"checklist\" width=\"139\" height=\"139\" srcset=\"https:\/\/i0.wp.com\/www.tiagoneves.net\/blog\/wp-content\/uploads\/2015\/07\/checklist.jpg?w=403&amp;ssl=1 403w, https:\/\/i0.wp.com\/www.tiagoneves.net\/blog\/wp-content\/uploads\/2015\/07\/checklist.jpg?resize=150%2C150&amp;ssl=1 150w, https:\/\/i0.wp.com\/www.tiagoneves.net\/blog\/wp-content\/uploads\/2015\/07\/checklist.jpg?resize=300%2C300&amp;ssl=1 300w\" sizes=\"auto, (max-width: 139px) 100vw, 139px\" \/><\/a> &#8211; Elaboramos um checklist di\u00e1rio do seu ambiente, onde voc\u00ea vai ter todas as informa\u00e7\u00f5es referente a sua inst\u00e2ncia, como informa\u00e7\u00f5es sobre espa\u00e7o em disco das bases, sobre os arquivos MDF e LDF, monitoramento do crescimento das databases, monitoramento dos backups realizados, informa\u00e7\u00f5es sobre todos os jobs que falharam, acompanhamento de como est\u00e1 a fragmenta\u00e7\u00e3o dos \u00edndices, informa\u00e7\u00f5es das queries mais demoradas que foram executadas no seu servidor.<\/p>\n<p><strong>Alertas:<\/strong><\/p>\n<p><a href=\"https:\/\/i0.wp.com\/www.tiagoneves.net\/blog\/wp-content\/uploads\/2015\/07\/alertas.png\" rel=\"lightbox[222]\"><img data-recalc-dims=\"1\" loading=\"lazy\" decoding=\"async\" class=\"  wp-image-232 alignleft\" src=\"https:\/\/i0.wp.com\/www.tiagoneves.net\/blog\/wp-content\/uploads\/2015\/07\/alertas.png?resize=99%2C92\" alt=\"alertas\" width=\"99\" height=\"92\" srcset=\"https:\/\/i0.wp.com\/www.tiagoneves.net\/blog\/wp-content\/uploads\/2015\/07\/alertas.png?w=985&amp;ssl=1 985w, https:\/\/i0.wp.com\/www.tiagoneves.net\/blog\/wp-content\/uploads\/2015\/07\/alertas.png?resize=300%2C277&amp;ssl=1 300w\" sizes=\"auto, (max-width: 99px) 100vw, 99px\" \/><\/a> &#8211; Implementamos alerta via email do seu ambiente, como conex\u00f5es que est\u00e3o sendo locadas a cada X minutos, quando uma database est\u00e1 perto de chegar ao seu tamanho m\u00e1ximo, quando uma database ficar indispon\u00edvel entre outros.<\/p>\n<p>&nbsp;<\/p>\n<p><strong>Relat\u00f3rios:<\/strong><\/p>\n<p><a href=\"https:\/\/i0.wp.com\/www.tiagoneves.net\/blog\/wp-content\/uploads\/2015\/07\/documentacao-de-consultoria.png\" rel=\"lightbox[222]\"><img data-recalc-dims=\"1\" loading=\"lazy\" decoding=\"async\" class=\"  alignleft wp-image-233\" src=\"https:\/\/i0.wp.com\/www.tiagoneves.net\/blog\/wp-content\/uploads\/2015\/07\/documentacao-de-consultoria.png?resize=197%2C169\" alt=\"documentacao-de-consultoria\" width=\"197\" height=\"169\" srcset=\"https:\/\/i0.wp.com\/www.tiagoneves.net\/blog\/wp-content\/uploads\/2015\/07\/documentacao-de-consultoria.png?w=469&amp;ssl=1 469w, https:\/\/i0.wp.com\/www.tiagoneves.net\/blog\/wp-content\/uploads\/2015\/07\/documentacao-de-consultoria.png?resize=300%2C259&amp;ssl=1 300w\" sizes=\"auto, (max-width: 197px) 100vw, 197px\" \/><\/a> &#8211; Desenvolvemos toda documenta\u00e7\u00e3o e invent\u00e1rio dos bancos de dados, criamos todos os documentos necess\u00e1rios para melhoria continua e continuidade do neg\u00f3cio. Entre eles:<\/p>\n<ul>\n<li>Documenta\u00e7\u00e3o T\u00e9cnica e Invent\u00e1rio;<\/li>\n<li>Plano de desastre e recupera\u00e7\u00e3o;<\/li>\n<li>Pol\u00edtica de backup;<\/li>\n<li>Pol\u00edtica de seguran\u00e7a de Banco de dados<\/li>\n<\/ul>\n<p>Entre em <a href=\"http:\/\/www.tiagoneves.net\/blog\/contatos\/\">contato <\/a>e solicite sua proposta.<\/p>\n","protected":false},"excerpt":{"rendered":"<p>As informa\u00e7\u00f5es \u00e9 o bem mais valioso de qualquer empresa, e o DBA \u00e9 o respons\u00e1vel por manter esses os dados \u00edntegros, seguros e dispon\u00edvel. Contudo muitas empresas n\u00e3o disp\u00f5e de recursos para manter um DBA Full Time na empresa, diante disso estou oferecendo os meus servi\u00e7os de consultoria remota, com minha experi\u00eancia em Banco [&hellip;]<\/p>\n","protected":false},"author":1,"featured_media":0,"parent":0,"menu_order":0,"comment_status":"open","ping_status":"open","template":"","meta":{"rop_custom_images_group":[],"rop_custom_messages_group":[],"rop_publish_now":"initial","rop_publish_now_accounts":{"twitter_91251433_91251433":""},"rop_publish_now_history":[],"rop_publish_now_status":"pending","_exactmetrics_skip_tracking":false,"_exactmetrics_sitenote_active":false,"_exactmetrics_sitenote_note":"","_exactmetrics_sitenote_category":0,"_monsterinsights_skip_tracking":false,"_monsterinsights_sitenote_active":false,"_monsterinsights_sitenote_note":"","_monsterinsights_sitenote_category":0,"advanced_seo_description":"","jetpack_seo_html_title":"","jetpack_seo_noindex":false,"jetpack_post_was_ever_published":false,"footnotes":""},"class_list":["post-222","page","type-page","status-publish","hentry"],"jetpack_sharing_enabled":true,"jetpack_shortlink":"https:\/\/wp.me\/P6eIyh-3A","jetpack-related-posts":[{"id":5,"url":"https:\/\/www.tiagoneves.net\/blog\/sobre\/","url_meta":{"origin":222,"position":0},"title":"Sobre","author":"tiagoneves","date":"3 de setembro de 2013","format":false,"excerpt":"Ol\u00e1, eu sou o Tiago Neves. Sou especialista em Banco de Dados com mais de 15 anos de experi\u00eancia trabalhando com ambientes cr\u00edticos, alta volumetria de dados e sistemas de miss\u00e3o cr\u00edtica. Ao longo da minha carreira, atuei diretamente com SQL Server, cloud (Azure e AWS) e diferentes arquiteturas de\u2026","rel":"","context":"Post similar","block_context":{"text":"Post similar","link":""},"img":{"alt_text":"","src":"","width":0,"height":0},"classes":[]}],"jetpack_likes_enabled":true,"_links":{"self":[{"href":"https:\/\/www.tiagoneves.net\/blog\/wp-json\/wp\/v2\/pages\/222","targetHints":{"allow":["GET"]}}],"collection":[{"href":"https:\/\/www.tiagoneves.net\/blog\/wp-json\/wp\/v2\/pages"}],"about":[{"href":"https:\/\/www.tiagoneves.net\/blog\/wp-json\/wp\/v2\/types\/page"}],"author":[{"embeddable":true,"href":"https:\/\/www.tiagoneves.net\/blog\/wp-json\/wp\/v2\/users\/1"}],"replies":[{"embeddable":true,"href":"https:\/\/www.tiagoneves.net\/blog\/wp-json\/wp\/v2\/comments?post=222"}],"version-history":[{"count":9,"href":"https:\/\/www.tiagoneves.net\/blog\/wp-json\/wp\/v2\/pages\/222\/revisions"}],"predecessor-version":[{"id":242,"href":"https:\/\/www.tiagoneves.net\/blog\/wp-json\/wp\/v2\/pages\/222\/revisions\/242"}],"wp:attachment":[{"href":"https:\/\/www.tiagoneves.net\/blog\/wp-json\/wp\/v2\/media?parent=222"}],"curies":[{"name":"wp","href":"https:\/\/api.w.org\/{rel}","templated":true}]}}