{"id":128,"date":"2015-05-25T19:44:14","date_gmt":"2015-05-25T19:44:14","guid":{"rendered":"http:\/\/www.tiagoneves.net\/blog\/?page_id=128"},"modified":"2026-04-27T21:22:16","modified_gmt":"2026-04-27T21:22:16","slug":"contatos","status":"publish","type":"page","link":"https:\/\/www.tiagoneves.net\/blog\/contatos\/","title":{"rendered":"Contato"},"content":{"rendered":"<p><a href=\"https:\/\/i0.wp.com\/www.tiagoneves.net\/blog\/wp-content\/uploads\/2015\/05\/t-entre-em-contato.png\" rel=\"lightbox[128]\"><img data-recalc-dims=\"1\" loading=\"lazy\" decoding=\"async\" class=\"alignnone wp-image-131\" src=\"https:\/\/i0.wp.com\/www.tiagoneves.net\/blog\/wp-content\/uploads\/2015\/05\/t-entre-em-contato.png?resize=386%2C165\" alt=\"t-entre-em-contato\" width=\"386\" height=\"165\" \/><\/a><\/p>\n<p><strong>Email:<\/strong> <a href=\"mailto:tiagolneves@hotmail.com\">tiagolneves@hotmail.com<\/a><\/p>\n<p><strong>X:<\/strong> @tiagolneves<\/p>\n<p><strong>Linkedin:<\/strong> <a href=\"https:\/\/www.linkedin.com\/in\/tiago-neves-dba\" target=\"_blank\" rel=\"noopener\">https:\/\/www.linkedin.com\/in\/tiago-neves-dba<\/a><\/p>\n","protected":false},"excerpt":{"rendered":"<p>Email: tiagolneves@hotmail.com X: @tiagolneves Linkedin: https:\/\/www.linkedin.com\/in\/tiago-neves-dba<\/p>\n","protected":false},"author":1,"featured_media":0,"parent":0,"menu_order":0,"comment_status":"closed","ping_status":"closed","template":"","meta":{"rop_custom_images_group":[],"rop_custom_messages_group":[],"rop_publish_now":"initial","rop_publish_now_accounts":{"twitter_91251433_91251433":""},"rop_publish_now_history":[],"rop_publish_now_status":"pending","_exactmetrics_skip_tracking":false,"_exactmetrics_sitenote_active":false,"_exactmetrics_sitenote_note":"","_exactmetrics_sitenote_category":0,"_monsterinsights_skip_tracking":false,"_monsterinsights_sitenote_active":false,"_monsterinsights_sitenote_note":"","_monsterinsights_sitenote_category":0,"advanced_seo_description":"","jetpack_seo_html_title":"","jetpack_seo_noindex":false,"jetpack_post_was_ever_published":false,"footnotes":""},"class_list":["post-128","page","type-page","status-publish","hentry"],"jetpack_sharing_enabled":true,"jetpack_shortlink":"https:\/\/wp.me\/P6eIyh-24","jetpack-related-posts":[{"id":5,"url":"https:\/\/www.tiagoneves.net\/blog\/sobre\/","url_meta":{"origin":128,"position":0},"title":"Sobre","author":"tiagoneves","date":"3 de setembro de 2013","format":false,"excerpt":"Ol\u00e1, eu sou o Tiago Neves. Sou especialista em Banco de Dados com mais de 15 anos de experi\u00eancia trabalhando com ambientes cr\u00edticos, alta volumetria de dados e sistemas de miss\u00e3o cr\u00edtica. Ao longo da minha carreira, atuei diretamente com SQL Server, cloud (Azure e AWS) e diferentes arquiteturas de\u2026","rel":"","context":"Post similar","block_context":{"text":"Post similar","link":""},"img":{"alt_text":"","src":"","width":0,"height":0},"classes":[]}],"jetpack_likes_enabled":true,"_links":{"self":[{"href":"https:\/\/www.tiagoneves.net\/blog\/wp-json\/wp\/v2\/pages\/128","targetHints":{"allow":["GET"]}}],"collection":[{"href":"https:\/\/www.tiagoneves.net\/blog\/wp-json\/wp\/v2\/pages"}],"about":[{"href":"https:\/\/www.tiagoneves.net\/blog\/wp-json\/wp\/v2\/types\/page"}],"author":[{"embeddable":true,"href":"https:\/\/www.tiagoneves.net\/blog\/wp-json\/wp\/v2\/users\/1"}],"replies":[{"embeddable":true,"href":"https:\/\/www.tiagoneves.net\/blog\/wp-json\/wp\/v2\/comments?post=128"}],"version-history":[{"count":6,"href":"https:\/\/www.tiagoneves.net\/blog\/wp-json\/wp\/v2\/pages\/128\/revisions"}],"predecessor-version":[{"id":2417,"href":"https:\/\/www.tiagoneves.net\/blog\/wp-json\/wp\/v2\/pages\/128\/revisions\/2417"}],"wp:attachment":[{"href":"https:\/\/www.tiagoneves.net\/blog\/wp-json\/wp\/v2\/media?parent=128"}],"curies":[{"name":"wp","href":"https:\/\/api.w.org\/{rel}","templated":true}]}}